{"id":78,"date":"2022-05-11T19:11:47","date_gmt":"2022-05-11T19:11:47","guid":{"rendered":"https:\/\/local.collectaonline.ch\/?page_id=78"},"modified":"2023-01-26T10:13:53","modified_gmt":"2023-01-26T10:13:53","slug":"impressum","status":"publish","type":"page","link":"https:\/\/www.collecta.ch\/it\/impressum\/","title":{"rendered":"Impronta"},"content":{"rendered":"<p>[et_pb_section fb_built=&#8220;1&#8243; _builder_version=&#8220;4.18.1&#8243; _module_preset=&#8220;c85e7ec8-3c46-4e2c-88b7-e3076cd12958&#8243; background_enable_image=&#8220;off&#8220; background_position=&#8220;top_center&#8220; custom_padding=&#8220;0px||0px||false|false&#8220; da_disable_devices=&#8220;off|off|off&#8220; global_colors_info=&#8220;{}&#8220; da_is_popup=&#8220;off&#8220; da_exit_intent=&#8220;off&#8220; da_has_close=&#8220;on&#8220; da_alt_close=&#8220;off&#8220; da_dark_close=&#8220;off&#8220; da_not_modal=&#8220;on&#8220; da_is_singular=&#8220;off&#8220; da_with_loader=&#8220;off&#8220; da_has_shadow=&#8220;on&#8220;][et_pb_row column_structure=&#8220;2_3,1_3&#8243; custom_padding_last_edited=&#8220;on|desktop&#8220; _builder_version=&#8220;4.18.1&#8243; _module_preset=&#8220;default&#8220; background_enable_image=&#8220;off&#8220; width=&#8220;100%&#8220; custom_margin=&#8220;40px||40px||true|false&#8220; custom_padding=&#8220;0px|72px|0px|72px|true|true&#8220; custom_padding_tablet=&#8220;0px|32px|0px|32px|true|true&#8220; custom_padding_phone=&#8220;0px|16px|0px|16px|true|true&#8220; custom_css_main_element=&#8220;display:flex;||flex-flow:row wrap;||align-items:center;&#8220; global_colors_info=&#8220;{}&#8220;][et_pb_column type=&#8220;2_3&#8243; _builder_version=&#8220;4.17.3&#8243; _module_preset=&#8220;default&#8220; global_colors_info=&#8220;{}&#8220;][et_pb_text module_class=&#8220;pa-bullet-list-2&#8243; _builder_version=&#8220;4.18.1&#8243; _module_preset=&#8220;default&#8220; header_font=&#8220;||||||||&#8220; header_2_font=&#8220;|300|||||||&#8220; hover_enabled=&#8220;0&#8243; global_colors_info=&#8220;{}&#8220; sticky_enabled=&#8220;0&#8243;]<\/p>\n<h1><strong>Impressum<\/strong><\/h1>\n<p>Collecta AG<br \/>Baarerstrasse 141<br \/>Postfach<br \/>CH-6302 Zug<\/p>\n<p>Email:<span>\u00a0<\/span><a>info<span class=\"spamprotection\">\u00a0<\/span>@<span class=\"spamprotection\">\u00a0<\/span>collecta.ch<\/p>\n<p><\/a><\/p>\n<p><b>Inhalte<br \/><\/b><a href=\"https:\/\/www.collectaonline.ch\/firma\/portraet\" title=\"Opens internal link in current window\" class=\"internal-link\" target=\"_blank\" rel=\"noopener\">Collecta AG<\/a>, Zug<\/p>\n<p><b>Design<\/b><br \/><a href=\"http:\/\/www.zugergrafik.ch\/\" title=\"Opens external link in new window\" target=\"_blank\" class=\"external-link-new-window\" rel=\"noopener noreferrer\">Zugergrafik<\/a>, Baar<\/p>\n<p><b>Handelsregisteramt Zug<\/b><br \/>Firmennummer<span>\u00a0<\/span><a href=\"http:\/\/www.hrazg.ch\/webservices\/inet\/HRG\/HRG.asmx\/getHRGHTML?chnr=CH-020.3.006.838-6&amp;amt=170&amp;toBeModified=0&amp;validOnly=0&amp;lang=1&amp;sort=0\" title=\"Opens external link in new window\" target=\"_blank\" class=\"external-link-new-window\" rel=\"noopener noreferrer\">CH-020.3.006.838-6<\/a><\/p>\n<p><b>Formulare<\/b><br \/>S\u00e4mtliche pers\u00f6nliche Daten, welche Sie auf den Formularseiten eingeben, werden automatisch mit 128-Bit-verschl\u00fcsselt und so an die Collecta AG \u00fcbermittelt.<\/p>\n<p>[\/et_pb_text][\/et_pb_column][et_pb_column type=&#8220;1_3&#8243; _builder_version=&#8220;4.17.3&#8243; _module_preset=&#8220;default&#8220; global_colors_info=&#8220;{}&#8220;][\/et_pb_column][\/et_pb_row][\/et_pb_section]<\/p>\n","protected":false},"excerpt":{"rendered":"<p>Imprint Collecta AGBaarerstrasse 141PostfachCH-6302 Zug Email: info @ collecta.ch ContenutiCollecta AG, Zug DesignZugergrafik, Baar Ufficio del registro di commercio di ZugNumero di societ\u00e0 CH-020.3.006.838-6 ModuliTutti i dati personali che lei inserisce nelle pagine dei moduli vengono automaticamente criptati con una codifica a 128 bit e trasmessi a Collecta AG.<\/p>","protected":false},"author":4,"featured_media":0,"parent":0,"menu_order":0,"comment_status":"closed","ping_status":"closed","template":"","meta":{"_et_pb_use_builder":"on","_et_pb_old_content":"<!-- wp:divi\/placeholder \/-->","_et_gb_content_width":"","inline_featured_image":false,"footnotes":""},"class_list":["post-78","page","type-page","status-publish","hentry"],"_links":{"self":[{"href":"https:\/\/www.collecta.ch\/it\/wp-json\/wp\/v2\/pages\/78","targetHints":{"allow":["GET"]}}],"collection":[{"href":"https:\/\/www.collecta.ch\/it\/wp-json\/wp\/v2\/pages"}],"about":[{"href":"https:\/\/www.collecta.ch\/it\/wp-json\/wp\/v2\/types\/page"}],"author":[{"embeddable":true,"href":"https:\/\/www.collecta.ch\/it\/wp-json\/wp\/v2\/users\/4"}],"replies":[{"embeddable":true,"href":"https:\/\/www.collecta.ch\/it\/wp-json\/wp\/v2\/comments?post=78"}],"version-history":[{"count":6,"href":"https:\/\/www.collecta.ch\/it\/wp-json\/wp\/v2\/pages\/78\/revisions"}],"predecessor-version":[{"id":1373,"href":"https:\/\/www.collecta.ch\/it\/wp-json\/wp\/v2\/pages\/78\/revisions\/1373"}],"wp:attachment":[{"href":"https:\/\/www.collecta.ch\/it\/wp-json\/wp\/v2\/media?parent=78"}],"curies":[{"name":"wp","href":"https:\/\/api.w.org\/{rel}","templated":true}]}}