{"id":452,"date":"2022-05-14T21:24:24","date_gmt":"2022-05-14T21:24:24","guid":{"rendered":"https:\/\/local.collectaonline.ch\/?page_id=452"},"modified":"2023-07-19T10:02:58","modified_gmt":"2023-07-19T08:02:58","slug":"certificato-iso","status":"publish","type":"page","link":"https:\/\/www.collecta.ch\/it\/iso-zertifiziert\/","title":{"rendered":"Certificazione ISO"},"content":{"rendered":"<p>[et_pb_section fb_built=&#8220;1&#8243; _builder_version=&#8220;4.17.3&#8243; _module_preset=&#8220;default&#8220; background_enable_image=&#8220;off&#8220; background_position=&#8220;top_center&#8220; custom_padding=&#8220;0px||0px||false|false&#8220; da_disable_devices=&#8220;off|off|off&#8220; global_colors_info=&#8220;{}&#8220; da_is_popup=&#8220;off&#8220; da_exit_intent=&#8220;off&#8220; da_has_close=&#8220;on&#8220; da_alt_close=&#8220;off&#8220; da_dark_close=&#8220;off&#8220; da_not_modal=&#8220;on&#8220; da_is_singular=&#8220;off&#8220; da_with_loader=&#8220;off&#8220; da_has_shadow=&#8220;on&#8220;][et_pb_row column_structure=&#8220;1_3,2_3&#8243; custom_padding_last_edited=&#8220;on|desktop&#8220; _builder_version=&#8220;4.17.4&#8243; _module_preset=&#8220;default&#8220; background_enable_image=&#8220;off&#8220; width=&#8220;100%&#8220; custom_margin=&#8220;40px||40px||true|false&#8220; custom_padding=&#8220;0px|72px|0px|72px|true|true&#8220; custom_padding_tablet=&#8220;0px|32px|0px|32px|true|true&#8220; custom_padding_phone=&#8220;0px|16px|0px|16px|true|true&#8220; custom_css_main_element=&#8220;display:flex;||flex-flow:row wrap;||align-items:center;&#8220; global_colors_info=&#8220;{}&#8220;][et_pb_column type=&#8220;1_3&#8243; _builder_version=&#8220;4.17.3&#8243; _module_preset=&#8220;default&#8220; global_colors_info=&#8220;{}&#8220;][et_pb_menu menu_id=&#8220;16&#8243; module_class=&#8220;pa-bullet-list-menu&#8220; _builder_version=&#8220;4.17.4&#8243; _module_preset=&#8220;default&#8220; menu_font=&#8220;|||on|||||&#8220; menu_text_color=&#8220;#000000&#8243; menu_font_size=&#8220;16px&#8220; custom_css_active_menu_link=&#8220;font-weight:500;&#8220; global_colors_info=&#8220;{}&#8220;][\/et_pb_menu][\/et_pb_column][et_pb_column type=&#8220;2_3&#8243; _builder_version=&#8220;4.17.3&#8243; _module_preset=&#8220;default&#8220; global_colors_info=&#8220;{}&#8220;][et_pb_text _builder_version=&#8220;4.17.4&#8243; _module_preset=&#8220;default&#8220; header_font=&#8220;||||||||&#8220; header_2_font=&#8220;|300|||||||&#8220; global_colors_info=&#8220;{}&#8220;]<\/p>\n<h1><strong>ISO 27001<\/strong><\/h1>\n<h2>H\u00f6chste Sicherheit<\/h2>\n<p>[\/et_pb_text][\/et_pb_column][\/et_pb_row][\/et_pb_section][et_pb_section fb_built=&#8220;1&#8243; _builder_version=&#8220;4.17.3&#8243; _module_preset=&#8220;default&#8220; background_enable_image=&#8220;off&#8220; background_position=&#8220;top_center&#8220; custom_padding=&#8220;0px||0px||false|false&#8220; da_disable_devices=&#8220;off|off|off&#8220; global_colors_info=&#8220;{}&#8220; da_is_popup=&#8220;off&#8220; da_exit_intent=&#8220;off&#8220; da_has_close=&#8220;on&#8220; da_alt_close=&#8220;off&#8220; da_dark_close=&#8220;off&#8220; da_not_modal=&#8220;on&#8220; da_is_singular=&#8220;off&#8220; da_with_loader=&#8220;off&#8220; da_has_shadow=&#8220;on&#8220;][et_pb_row column_structure=&#8220;1_3,2_3&#8243; custom_padding_last_edited=&#8220;on|desktop&#8220; _builder_version=&#8220;4.17.4&#8243; _module_preset=&#8220;default&#8220; background_enable_image=&#8220;off&#8220; width=&#8220;100%&#8220; custom_margin=&#8220;40px||40px||true|false&#8220; custom_padding=&#8220;0px|72px|0px|72px|true|true&#8220; custom_padding_tablet=&#8220;0px|32px|0px|32px|true|true&#8220; custom_padding_phone=&#8220;0px|16px|0px|16px|true|true&#8220; custom_css_main_element=&#8220;display:flex;||align-items:center;||flex-flow:row wrap;&#8220; global_colors_info=&#8220;{}&#8220;][et_pb_column type=&#8220;1_3&#8243; _builder_version=&#8220;4.17.3&#8243; _module_preset=&#8220;default&#8220; global_colors_info=&#8220;{}&#8220;][et_pb_image src=&#8220;https:\/\/www.collecta.ch\/wp-content\/uploads\/2022\/11\/SSC_ISO_IEC27001_volltransparent.png&#8220; title_text=&#8220;SSC_ISO_IEC27001_volltransparent&#8220; _builder_version=&#8220;4.21.0&#8243; _module_preset=&#8220;default&#8220; max_width=&#8220;150px&#8220; module_alignment=&#8220;center&#8220; hover_enabled=&#8220;0&#8243; global_colors_info=&#8220;{}&#8220; sticky_enabled=&#8220;0&#8243;][\/et_pb_image][\/et_pb_column][et_pb_column type=&#8220;2_3&#8243; _builder_version=&#8220;4.17.3&#8243; _module_preset=&#8220;default&#8220; global_colors_info=&#8220;{}&#8220;][et_pb_text _builder_version=&#8220;4.18.1&#8243; _module_preset=&#8220;default&#8220; header_font=&#8220;||||||||&#8220; header_2_font=&#8220;|300|||||||&#8220; custom_padding=&#8220;||0px|||&#8220; global_colors_info=&#8220;{}&#8220;]<\/p>\n<p>Die ISO 27001-Zertifizierung ist ein international anerkannter Standard f\u00fcr die Definition, wie die Informationssicherheit in Unternehmen organisiert werden muss und stellt das Fundament der Verwaltung der Informationssicherheit dar. Die ISO 27001-Zertifizierung beschreibt sich selbst als die Festlegung der Anforderungen f\u00fcr \u00abEinrichtung, Umsetzung, Betrieb, \u00dcberwachung, \u00dcberpr\u00fcfung, Pflege und Verbesserung eines dokumentierten Verwaltungssystems f\u00fcr Informationssicherheit im Zusammenhang mit den Gesch\u00e4ftsrisiken des Unternehmens.\u00bb<strong><\/strong><\/p>\n<h2><strong>Schutz der Daten<\/strong><\/h2>\n<p>Neben dem Informationssicherheits-Managementsystem besch\u00e4ftigt sich ISO 27001 mit der Analyse und der Behandlung von Risiken der Informationssicherheit. Im Rahmen der beschriebenen Anforderungen werden die Werte und Wertsch\u00f6pfungsketten durch die Auswahl der geeigneten Sicherheitsmechanismen gesch\u00fctzt. F\u00fcr Unternehmen bietet ISO 27001 einen systematisch strukturierten Ansatz, die Integrit\u00e4t der betrieblichen Daten und deren Vertraulichkeit zu sch\u00fctzen. Gleichzeitig sorgt sie f\u00fcr die Sicherstellung der Verf\u00fcgbarkeit der an den Unternehmensprozessen beteiligten IT-Systeme.<\/p>\n<p>Die Norm ist Teil der Normenfamilie ISO\/IEC 2700x und wurde von der Internationalen Organisation fu\u0308r Standardisierung (ISO) ver\u00f6ffentlicht. <a href=\"https:\/\/www.iso.org\/obp\/ui\/#iso:std:iso-iec:27001:ed-2:v1:en\" target=\"_blank\" rel=\"noopener\">Mehr zu ISO 27001.<\/a><\/p>\n<p><strong>Collecta AG hat alle Anforderungen an die Informationssicherheit gem\u00e4\u00df ISO 27001 erfu\u0308llt und ist somit ISO 27001 zertifiziert.<\/strong><\/p>\n<p>[\/et_pb_text][\/et_pb_column][\/et_pb_row][\/et_pb_section]<\/p>\n","protected":false},"excerpt":{"rendered":"<p>ISO 27001 H\u00f6chste SicherheitDie ISO 27001-Zertifizierung ist ein international anerkannter Standard f\u00fcr die Definition, wie die Informationssicherheit in Unternehmen organisiert werden muss und stellt das Fundament der Verwaltung der Informationssicherheit dar. Die ISO 27001-Zertifizierung beschreibt sich selbst als die Festlegung der Anforderungen f\u00fcr \u00abEinrichtung, Umsetzung, Betrieb, \u00dcberwachung, \u00dcberpr\u00fcfung, Pflege und Verbesserung eines dokumentierten Verwaltungssystems f\u00fcr [&hellip;]<\/p>\n","protected":false},"author":4,"featured_media":1337,"parent":0,"menu_order":0,"comment_status":"closed","ping_status":"closed","template":"","meta":{"_et_pb_use_builder":"on","_et_pb_old_content":"","_et_gb_content_width":"","inline_featured_image":false,"footnotes":""},"class_list":["post-452","page","type-page","status-publish","has-post-thumbnail","hentry"],"_links":{"self":[{"href":"https:\/\/www.collecta.ch\/it\/wp-json\/wp\/v2\/pages\/452","targetHints":{"allow":["GET"]}}],"collection":[{"href":"https:\/\/www.collecta.ch\/it\/wp-json\/wp\/v2\/pages"}],"about":[{"href":"https:\/\/www.collecta.ch\/it\/wp-json\/wp\/v2\/types\/page"}],"author":[{"embeddable":true,"href":"https:\/\/www.collecta.ch\/it\/wp-json\/wp\/v2\/users\/4"}],"replies":[{"embeddable":true,"href":"https:\/\/www.collecta.ch\/it\/wp-json\/wp\/v2\/comments?post=452"}],"version-history":[{"count":9,"href":"https:\/\/www.collecta.ch\/it\/wp-json\/wp\/v2\/pages\/452\/revisions"}],"predecessor-version":[{"id":1952,"href":"https:\/\/www.collecta.ch\/it\/wp-json\/wp\/v2\/pages\/452\/revisions\/1952"}],"wp:featuredmedia":[{"embeddable":true,"href":"https:\/\/www.collecta.ch\/it\/wp-json\/wp\/v2\/media\/1337"}],"wp:attachment":[{"href":"https:\/\/www.collecta.ch\/it\/wp-json\/wp\/v2\/media?parent=452"}],"curies":[{"name":"wp","href":"https:\/\/api.w.org\/{rel}","templated":true}]}}