{"id":420,"date":"2022-05-14T18:56:54","date_gmt":"2022-05-14T18:56:54","guid":{"rendered":"https:\/\/local.collectaonline.ch\/?page_id=420"},"modified":"2026-01-09T13:15:52","modified_gmt":"2026-01-09T12:15:52","slug":"partner","status":"publish","type":"page","link":"https:\/\/www.collecta.ch\/it\/partner\/","title":{"rendered":"Partner"},"content":{"rendered":"<p>[et_pb_section fb_built=&#8220;1&#8243; admin_label=&#8220;Section&#8220; _builder_version=&#8220;4.18.1&#8243; _module_preset=&#8220;c85e7ec8-3c46-4e2c-88b7-e3076cd12958&#8243; background_enable_image=&#8220;off&#8220; background_position=&#8220;top_center&#8220; custom_padding=&#8220;0px||0px||false|false&#8220; da_disable_devices=&#8220;off|off|off&#8220; global_colors_info=&#8220;{}&#8220; da_is_popup=&#8220;off&#8220; da_exit_intent=&#8220;off&#8220; da_has_close=&#8220;on&#8220; da_alt_close=&#8220;off&#8220; da_dark_close=&#8220;off&#8220; da_not_modal=&#8220;on&#8220; da_is_singular=&#8220;off&#8220; da_with_loader=&#8220;off&#8220; da_has_shadow=&#8220;on&#8220;][et_pb_row column_structure=&#8220;3_5,2_5&#8243; custom_padding_last_edited=&#8220;on|desktop&#8220; _builder_version=&#8220;4.19.5&#8243; _module_preset=&#8220;default&#8220; background_enable_image=&#8220;off&#8220; width=&#8220;100%&#8220; custom_margin=&#8220;40px||40px||true|false&#8220; custom_padding=&#8220;0px|72px|0px|72px|true|true&#8220; custom_padding_tablet=&#8220;0px|32px|0px|32px|true|true&#8220; custom_padding_phone=&#8220;0px|16px|0px|16px|true|true&#8220; custom_css_main_element=&#8220;display:flex;||flex-flow:row wrap;||align-items:center;&#8220; global_colors_info=&#8220;{}&#8220;][et_pb_column type=&#8220;3_5&#8243; _builder_version=&#8220;4.17.3&#8243; _module_preset=&#8220;default&#8220; global_colors_info=&#8220;{}&#8220;][et_pb_text _builder_version=&#8220;4.17.4&#8243; _module_preset=&#8220;default&#8220; header_font=&#8220;||||||||&#8220; header_2_font=&#8220;|300|||||||&#8220; global_colors_info=&#8220;{}&#8220;]<\/p>\n<h1><strong>Partner<\/strong><\/h1>\n<h2>Stark dank Zusammenarbeit<\/h2>\n<p>F\u00fcr reibungslose Schnittstellen braucht es das Fachwissen von beiden Seiten der Anbindung. Deshalb halten wir zu all unseren Partnern engen Kontakt und \u00fcbernehmen Neuerungen schnell und zuverl\u00e4ssig.<\/p>\n<p>[\/et_pb_text][\/et_pb_column][et_pb_column type=&#8220;2_5&#8243; _builder_version=&#8220;4.17.3&#8243; _module_preset=&#8220;default&#8220; global_colors_info=&#8220;{}&#8220;][\/et_pb_column][\/et_pb_row][\/et_pb_section][et_pb_section fb_built=&#8220;1&#8243; admin_label=&#8220;Section&#8220; module_id=&#8220;partners&#8220; _builder_version=&#8220;4.18.1&#8243; _module_preset=&#8220;default&#8220; background_color=&#8220;#E2E8F4&#8243; background_enable_image=&#8220;off&#8220; background_position=&#8220;top_center&#8220; custom_margin=&#8220;||||false|false&#8220; custom_padding=&#8220;20px||20px||true|false&#8220; da_popup_slug=&#8220;partners&#8220; da_disable_devices=&#8220;off|off|off&#8220; collapsed=&#8220;on&#8220; global_colors_info=&#8220;{}&#8220; da_is_popup=&#8220;off&#8220; da_exit_intent=&#8220;off&#8220; da_has_close=&#8220;on&#8220; da_alt_close=&#8220;off&#8220; da_dark_close=&#8220;off&#8220; da_not_modal=&#8220;on&#8220; da_is_singular=&#8220;off&#8220; da_with_loader=&#8220;off&#8220; da_has_shadow=&#8220;on&#8220;][et_pb_row column_structure=&#8220;1_2,1_4,1_4&#8243; custom_padding_last_edited=&#8220;on|desktop&#8220; _builder_version=&#8220;4.19.5&#8243; _module_preset=&#8220;default&#8220; background_enable_image=&#8220;off&#8220; width=&#8220;100%&#8220; custom_margin=&#8220;||||false|false&#8220; custom_padding=&#8220;20px|72px|20px|72px|true|true&#8220; custom_padding_tablet=&#8220;40px|32px|40px|32px|true|true&#8220; custom_padding_phone=&#8220;40px|16px|40px|16px|false|true&#8220; custom_css_main_element=&#8220;display:flex;||align-items:center;&#8220; global_colors_info=&#8220;{}&#8220;][et_pb_column type=&#8220;1_2&#8243; _builder_version=&#8220;4.18.0&#8243; _module_preset=&#8220;default&#8220; custom_padding=&#8220;|0px||0px|false|true&#8220; global_colors_info=&#8220;{}&#8220;][et_pb_text admin_label=&#8220;Text&#8220; _builder_version=&#8220;4.19.5&#8243; _module_preset=&#8220;default&#8220; header_font=&#8220;||||||||&#8220; header_2_font=&#8220;|300|||||||&#8220; global_colors_info=&#8220;{}&#8220;]<\/p>\n<h3 style=\"text-align: right;\"><strong>OBT, langj\u00e4hriger Partner\u00a0 f\u00fcr Abacus ERP Systeme<\/strong><em><\/em><\/h3>\n<p style=\"text-align: right;\"><em>\u00abUm den Inkassoprozess der Abacus-Software zu optimieren, sassen 2017 OBT als Implementierungspartner der Software und Collecta als Inkassospezialistin zusammen. Dabei entstanden die Produkte &#8222;OBT Inkasso&#8220; und &#8222;OBT Inkasso Pro&#8220;, mit denen die Abacus-Software um eine spezialisierte Inkassol\u00f6sung erweitert wurde. Das Ziel dabei war es, das Handling der beiden Softwarel\u00f6sungen den Benutzern \u00fcber eine Cockpitl\u00f6sung zu vereinfachen und dem Kunden einen klaren Mehrwert zu bieten. Die Zusammenarbeit zwischen Collecta und OBT war von Anfang an sehr partnerschaftlich und ist es bis heute.\u00bb <\/em><\/p>\n<p style=\"text-align: right;\"><strong>Reto Bossard, OBT<\/strong><\/p>\n<p>[\/et_pb_text][\/et_pb_column][et_pb_column type=&#8220;1_4&#8243; _builder_version=&#8220;4.18.1&#8243; _module_preset=&#8220;default&#8220; global_colors_info=&#8220;{}&#8220;][et_pb_image src=&#8220;https:\/\/www.collecta.ch\/wp-content\/uploads\/2023\/04\/Logo-OBT.svg_.png&#8220; alt=&#8220;Logo Stadt Liestal&#8220; title_text=&#8220;Logo-OBT.svg&#8220; align=&#8220;center&#8220; _builder_version=&#8220;4.19.5&#8243; _module_preset=&#8220;default&#8220; global_colors_info=&#8220;{}&#8220;][\/et_pb_image][\/et_pb_column][et_pb_column type=&#8220;1_4&#8243; _builder_version=&#8220;4.18.1&#8243; _module_preset=&#8220;default&#8220; global_colors_info=&#8220;{}&#8220;][\/et_pb_column][\/et_pb_row][\/et_pb_section][et_pb_section fb_built=&#8220;1&#8243; admin_label=&#8220;Section&#8220; module_id=&#8220;partners&#8220; _builder_version=&#8220;4.18.1&#8243; _module_preset=&#8220;default&#8220; background_enable_image=&#8220;off&#8220; background_position=&#8220;top_center&#8220; custom_margin=&#8220;||||false|false&#8220; custom_padding=&#8220;20px||20px||true|false&#8220; da_popup_slug=&#8220;partners&#8220; da_disable_devices=&#8220;off|off|off&#8220; collapsed=&#8220;off&#8220; global_colors_info=&#8220;{}&#8220; da_is_popup=&#8220;off&#8220; da_exit_intent=&#8220;off&#8220; da_has_close=&#8220;on&#8220; da_alt_close=&#8220;off&#8220; da_dark_close=&#8220;off&#8220; da_not_modal=&#8220;on&#8220; da_is_singular=&#8220;off&#8220; da_with_loader=&#8220;off&#8220; da_has_shadow=&#8220;on&#8220;][et_pb_row column_structure=&#8220;1_4,1_4,1_4,1_4&#8243; make_equal=&#8220;on&#8220; custom_padding_last_edited=&#8220;on|desktop&#8220; _builder_version=&#8220;4.19.5&#8243; _module_preset=&#8220;default&#8220; background_enable_image=&#8220;off&#8220; width=&#8220;100%&#8220; module_alignment=&#8220;center&#8220; custom_padding=&#8220;30px|72px|30px|72px|true|false&#8220; custom_padding_tablet=&#8220;0px|32px|0px|32px|true|true&#8220; custom_padding_phone=&#8220;0px|16px|0px|16px|true|true&#8220; custom_css_main_element=&#8220;  display: flex;||  justify-content: center;||  align-items: center;&#8220; global_colors_info=&#8220;{}&#8220;][et_pb_column type=&#8220;1_4&#8243; _builder_version=&#8220;4.19.5&#8243; _module_preset=&#8220;default&#8220; global_colors_info=&#8220;{}&#8220;][et_pb_image src=&#8220;https:\/\/www.collecta.ch\/wp-content\/uploads\/2023\/04\/infoniqa.png&#8220; title_text=&#8220;infoniqa&#8220; url=&#8220;https:\/\/www.infoniqa.com\/de-ch\/&#8220; url_new_window=&#8220;on&#8220; align=&#8220;center&#8220; _builder_version=&#8220;4.19.5&#8243; _module_preset=&#8220;default&#8220; custom_margin=&#8220;|10px||10px|false|false&#8220; global_colors_info=&#8220;{}&#8220;][\/et_pb_image][\/et_pb_column][et_pb_column type=&#8220;1_4&#8243; _builder_version=&#8220;4.17.3&#8243; _module_preset=&#8220;default&#8220; global_colors_info=&#8220;{}&#8220;][et_pb_image src=&#8220;https:\/\/www.collecta.ch\/wp-content\/uploads\/2023\/04\/logo-diartis-ag.svg&#8220; title_text=&#8220;logo-diartis-ag&#8220; url=&#8220;https:\/\/www.diartis.ch\/loesungen\/klibnet&#8220; url_new_window=&#8220;on&#8220; align=&#8220;center&#8220; _builder_version=&#8220;4.19.5&#8243; _module_preset=&#8220;default&#8220; custom_margin=&#8220;|10px||10px|false|false&#8220; global_colors_info=&#8220;{}&#8220;][\/et_pb_image][\/et_pb_column][et_pb_column type=&#8220;1_4&#8243; _builder_version=&#8220;4.17.3&#8243; _module_preset=&#8220;default&#8220; global_colors_info=&#8220;{}&#8220;][et_pb_image src=&#8220;https:\/\/www.collecta.ch\/wp-content\/uploads\/2023\/04\/viacar.svg&#8220; title_text=&#8220;viacar&#8220; url=&#8220;https:\/\/viacar-ag.ch\/&#8220; url_new_window=&#8220;on&#8220; _builder_version=&#8220;4.19.5&#8243; _module_preset=&#8220;default&#8220; custom_margin=&#8220;|10px||10px|false|false&#8220; global_colors_info=&#8220;{}&#8220;][\/et_pb_image][\/et_pb_column][et_pb_column type=&#8220;1_4&#8243; _builder_version=&#8220;4.17.3&#8243; _module_preset=&#8220;default&#8220; global_colors_info=&#8220;{}&#8220;][et_pb_image src=&#8220;https:\/\/www.collecta.ch\/wp-content\/uploads\/2023\/04\/datadynamic.svg&#8220; title_text=&#8220;datadynamic&#8220; url=&#8220;https:\/\/www.ddag.ch\/&#8220; url_new_window=&#8220;on&#8220; _builder_version=&#8220;4.19.5&#8243; _module_preset=&#8220;default&#8220; custom_margin=&#8220;|10px||10px|false|false&#8220; global_colors_info=&#8220;{}&#8220;][\/et_pb_image][\/et_pb_column][\/et_pb_row][et_pb_row column_structure=&#8220;1_4,1_4,1_4,1_4&#8243; make_equal=&#8220;on&#8220; custom_padding_last_edited=&#8220;on|desktop&#8220; _builder_version=&#8220;4.19.5&#8243; _module_preset=&#8220;default&#8220; background_enable_image=&#8220;off&#8220; width=&#8220;100%&#8220; module_alignment=&#8220;center&#8220; custom_padding=&#8220;30px|72px|30px|72px|true|false&#8220; custom_padding_tablet=&#8220;0px|32px|0px|32px|true|true&#8220; custom_padding_phone=&#8220;0px|16px|0px|16px|true|true&#8220; custom_css_main_element=&#8220;  display: flex;||  justify-content: center;||  align-items: center;&#8220; global_colors_info=&#8220;{}&#8220;][et_pb_column type=&#8220;1_4&#8243; _builder_version=&#8220;4.19.5&#8243; _module_preset=&#8220;default&#8220; global_colors_info=&#8220;{}&#8220;][et_pb_image src=&#8220;https:\/\/www.collecta.ch\/wp-content\/uploads\/2023\/04\/abraxas.png&#8220; title_text=&#8220;abraxas&#8220; url=&#8220;https:\/\/www.abraxas.ch\/de&#8220; url_new_window=&#8220;on&#8220; align=&#8220;center&#8220; _builder_version=&#8220;4.19.5&#8243; _module_preset=&#8220;default&#8220; custom_margin=&#8220;|10px||10px|false|false&#8220; global_colors_info=&#8220;{}&#8220;][\/et_pb_image][\/et_pb_column][et_pb_column type=&#8220;1_4&#8243; _builder_version=&#8220;4.17.3&#8243; _module_preset=&#8220;default&#8220; global_colors_info=&#8220;{}&#8220;][et_pb_image src=&#8220;https:\/\/www.collecta.ch\/wp-content\/uploads\/2023\/04\/axians-scaled.jpeg&#8220; title_text=&#8220;axians&#8220; url=&#8220;https:\/\/www.axians.ch\/&#8220; url_new_window=&#8220;on&#8220; align=&#8220;center&#8220; _builder_version=&#8220;4.19.5&#8243; _module_preset=&#8220;default&#8220; custom_margin=&#8220;|10px||10px|false|false&#8220; global_colors_info=&#8220;{}&#8220;][\/et_pb_image][\/et_pb_column][et_pb_column type=&#8220;1_4&#8243; _builder_version=&#8220;4.17.3&#8243; _module_preset=&#8220;default&#8220; global_colors_info=&#8220;{}&#8220;][et_pb_image src=&#8220;https:\/\/www.collecta.ch\/wp-content\/uploads\/2023\/04\/infoma.png&#8220; title_text=&#8220;infoma&#8220; url=&#8220;https:\/\/www.axians-infoma.ch\/&#8220; url_new_window=&#8220;on&#8220; _builder_version=&#8220;4.19.5&#8243; _module_preset=&#8220;default&#8220; custom_margin=&#8220;|10px||10px|false|false&#8220; global_colors_info=&#8220;{}&#8220;][\/et_pb_image][\/et_pb_column][et_pb_column type=&#8220;1_4&#8243; _builder_version=&#8220;4.17.3&#8243; _module_preset=&#8220;default&#8220; global_colors_info=&#8220;{}&#8220;][et_pb_image src=&#8220;https:\/\/www.collecta.ch\/wp-content\/uploads\/2023\/04\/huerlimanninformatik.png&#8220; title_text=&#8220;huerlimanninformatik&#8220; url=&#8220;https:\/\/www.hi-ag.ch\/&#8220; url_new_window=&#8220;on&#8220; _builder_version=&#8220;4.19.5&#8243; _module_preset=&#8220;default&#8220; custom_margin=&#8220;|10px||10px|false|false&#8220; global_colors_info=&#8220;{}&#8220;][\/et_pb_image][\/et_pb_column][\/et_pb_row][et_pb_row column_structure=&#8220;1_4,1_4,1_4,1_4&#8243; make_equal=&#8220;on&#8220; custom_padding_last_edited=&#8220;on|desktop&#8220; _builder_version=&#8220;4.19.5&#8243; _module_preset=&#8220;default&#8220; background_enable_image=&#8220;off&#8220; width=&#8220;100%&#8220; module_alignment=&#8220;center&#8220; custom_padding=&#8220;30px|72px|30px|72px|true|false&#8220; custom_padding_tablet=&#8220;0px|32px|0px|32px|true|true&#8220; custom_padding_phone=&#8220;0px|16px|0px|16px|true|true&#8220; custom_css_main_element=&#8220;  display: flex;||  justify-content: center;||  align-items: center;&#8220; global_colors_info=&#8220;{}&#8220;][et_pb_column type=&#8220;1_4&#8243; _builder_version=&#8220;4.19.5&#8243; _module_preset=&#8220;default&#8220; global_colors_info=&#8220;{}&#8220;][et_pb_image src=&#8220;https:\/\/www.collecta.ch\/wp-content\/uploads\/2023\/04\/bexio.png&#8220; title_text=&#8220;bexio&#8220; url=&#8220;https:\/\/www.bexio.com\/de-CH\/&#8220; url_new_window=&#8220;on&#8220; align=&#8220;center&#8220; _builder_version=&#8220;4.19.5&#8243; _module_preset=&#8220;default&#8220; custom_margin=&#8220;|10px||10px|false|false&#8220; global_colors_info=&#8220;{}&#8220;][\/et_pb_image][\/et_pb_column][et_pb_column type=&#8220;1_4&#8243; _builder_version=&#8220;4.17.3&#8243; _module_preset=&#8220;default&#8220; global_colors_info=&#8220;{}&#8220;][et_pb_image src=&#8220;https:\/\/www.collecta.ch\/wp-content\/uploads\/2023\/04\/tribuna.svg&#8220; title_text=&#8220;tribuna&#8220; url=&#8220;https:\/\/deltalogic.ch\/&#8220; url_new_window=&#8220;on&#8220; align=&#8220;center&#8220; _builder_version=&#8220;4.19.5&#8243; _module_preset=&#8220;default&#8220; custom_margin=&#8220;|10px||10px|false|false&#8220; global_colors_info=&#8220;{}&#8220;][\/et_pb_image][\/et_pb_column][et_pb_column type=&#8220;1_4&#8243; _builder_version=&#8220;4.17.3&#8243; _module_preset=&#8220;default&#8220; global_colors_info=&#8220;{}&#8220;][et_pb_image src=&#8220;https:\/\/www.collecta.ch\/wp-content\/uploads\/2023\/04\/iweb.png&#8220; title_text=&#8220;iweb&#8220; url=&#8220;https:\/\/www.i-web.ch\/de\/&#8220; url_new_window=&#8220;on&#8220; _builder_version=&#8220;4.19.5&#8243; _module_preset=&#8220;default&#8220; custom_margin=&#8220;|10px||10px|false|false&#8220; global_colors_info=&#8220;{}&#8220;][\/et_pb_image][\/et_pb_column][et_pb_column type=&#8220;1_4&#8243; _builder_version=&#8220;4.17.3&#8243; _module_preset=&#8220;default&#8220; global_colors_info=&#8220;{}&#8220;][et_pb_image src=&#8220;https:\/\/www.collecta.ch\/wp-content\/uploads\/2023\/04\/bcb.webp&#8220; title_text=&#8220;bcb&#8220; url=&#8220;https:\/\/www.bcb-gmbh.ch\/sap&#8220; url_new_window=&#8220;on&#8220; _builder_version=&#8220;4.19.5&#8243; _module_preset=&#8220;default&#8220; custom_margin=&#8220;|10px||10px|false|false&#8220; global_colors_info=&#8220;{}&#8220;][\/et_pb_image][\/et_pb_column][\/et_pb_row][et_pb_row column_structure=&#8220;1_4,1_4,1_4,1_4&#8243; make_equal=&#8220;on&#8220; custom_padding_last_edited=&#8220;on|desktop&#8220; _builder_version=&#8220;4.19.5&#8243; _module_preset=&#8220;default&#8220; background_enable_image=&#8220;off&#8220; width=&#8220;100%&#8220; module_alignment=&#8220;center&#8220; custom_padding=&#8220;30px|72px|30px|72px|true|false&#8220; custom_padding_tablet=&#8220;0px|32px|0px|32px|true|true&#8220; custom_padding_phone=&#8220;0px|16px|0px|16px|true|true&#8220; custom_css_main_element=&#8220;  display: flex;||  justify-content: center;||  align-items: center;&#8220; global_colors_info=&#8220;{}&#8220;][et_pb_column type=&#8220;1_4&#8243; _builder_version=&#8220;4.19.5&#8243; _module_preset=&#8220;default&#8220; global_colors_info=&#8220;{}&#8220;][et_pb_image src=&#8220;https:\/\/www.collecta.ch\/wp-content\/uploads\/2025\/01\/encontrol.png&#8220; title_text=&#8220;encontrol&#8220; url=&#8220;https:\/\/www.encontrol.ch\/&#8220; url_new_window=&#8220;on&#8220; align=&#8220;center&#8220; _builder_version=&#8220;4.27.4&#8243; _module_preset=&#8220;default&#8220; custom_margin=&#8220;|10px||10px|false|false&#8220; global_colors_info=&#8220;{}&#8220;][\/et_pb_image][\/et_pb_column][et_pb_column type=&#8220;1_4&#8243; _builder_version=&#8220;4.17.3&#8243; _module_preset=&#8220;default&#8220; global_colors_info=&#8220;{}&#8220;][et_pb_image src=&#8220;https:\/\/www.collecta.ch\/wp-content\/uploads\/2025\/01\/logo-igakis.svg&#8220; title_text=&#8220;logo-igakis&#8220; url=&#8220;https:\/\/www.igakis.ch\/&#8220; url_new_window=&#8220;on&#8220; align=&#8220;center&#8220; _builder_version=&#8220;4.27.4&#8243; _module_preset=&#8220;default&#8220; custom_margin=&#8220;|10px||10px|false|false&#8220; global_colors_info=&#8220;{}&#8220;][\/et_pb_image][\/et_pb_column][et_pb_column type=&#8220;1_4&#8243; _builder_version=&#8220;4.17.3&#8243; _module_preset=&#8220;default&#8220; global_colors_info=&#8220;{}&#8220;][et_pb_image src=&#8220;https:\/\/www.collecta.ch\/wp-content\/uploads\/2025\/04\/Logo-Backslash.jpg&#8220; title_text=&#8220;Logo-Backslash&#8220; url=&#8220;https:\/\/www.backslash.ch\/&#8220; url_new_window=&#8220;on&#8220; align=&#8220;center&#8220; _builder_version=&#8220;4.27.4&#8243; _module_preset=&#8220;default&#8220; max_width=&#8220;57%&#8220; custom_margin=&#8220;|10px||10px|false|false&#8220; global_colors_info=&#8220;{}&#8220;][\/et_pb_image][\/et_pb_column][et_pb_column type=&#8220;1_4&#8243; _builder_version=&#8220;4.17.3&#8243; _module_preset=&#8220;default&#8220; global_colors_info=&#8220;{}&#8220;][et_pb_image src=&#8220;https:\/\/www.collecta.ch\/wp-content\/uploads\/2026\/01\/bossinfo-logo.svg&#8220; title_text=&#8220;bossinfo-logo&#8220; url=&#8220;https:\/\/www.backslash.ch\/&#8220; url_new_window=&#8220;on&#8220; align=&#8220;center&#8220; _builder_version=&#8220;4.27.5&#8243; _module_preset=&#8220;default&#8220; max_width=&#8220;100%&#8220; custom_margin=&#8220;|10px||10px|false|false&#8220; hover_enabled=&#8220;0&#8243; global_colors_info=&#8220;{}&#8220; sticky_enabled=&#8220;0&#8243;][\/et_pb_image][\/et_pb_column][\/et_pb_row][et_pb_row make_equal=&#8220;on&#8220; custom_padding_last_edited=&#8220;on|desktop&#8220; _builder_version=&#8220;4.17.4&#8243; _module_preset=&#8220;default&#8220; background_enable_image=&#8220;off&#8220; width=&#8220;100%&#8220; module_alignment=&#8220;center&#8220; custom_margin=&#8220;40px||40px||true|false&#8220; custom_padding=&#8220;0px|72px|0px|72px|true|true&#8220; custom_padding_tablet=&#8220;0px|32px|0px|32px|true|true&#8220; custom_padding_phone=&#8220;0px|16px|0px|16px|true|true&#8220; global_colors_info=&#8220;{}&#8220;][et_pb_column type=&#8220;4_4&#8243; _builder_version=&#8220;4.17.4&#8243; _module_preset=&#8220;default&#8220; global_colors_info=&#8220;{}&#8220;][et_pb_text _builder_version=&#8220;4.17.4&#8243; _module_preset=&#8220;default&#8220; global_colors_info=&#8220;{}&#8220;]<\/p>\n<p style=\"text-align: center;\">Ihr Logo fehlt hier? <a href=\"#\" title=\"Kontaktieren\">Kontaktieren<\/a> Sie uns f\u00fcr eine Einbindung in Ihr System oder Ihre Software.<\/p>\n<p>[\/et_pb_text][\/et_pb_column][\/et_pb_row][\/et_pb_section]<\/p>\n","protected":false},"excerpt":{"rendered":"<p>Partner Stark dank Zusammenarbeit F\u00fcr reibungslose Schnittstellen braucht es das Fachwissen von beiden Seiten der Anbindung. Deshalb halten wir zu all unseren Partnern engen Kontakt und \u00fcbernehmen Neuerungen schnell und zuverl\u00e4ssig.OBT, langj\u00e4hriger Partner\u00a0 f\u00fcr Abacus ERP Systeme \u00abUm den Inkassoprozess der Abacus-Software zu optimieren, sassen 2017 OBT als Implementierungspartner der Software und Collecta als Inkassospezialistin [&hellip;]<\/p>\n","protected":false},"author":4,"featured_media":19,"parent":0,"menu_order":0,"comment_status":"closed","ping_status":"closed","template":"","meta":{"_et_pb_use_builder":"on","_et_pb_old_content":"","_et_gb_content_width":"","inline_featured_image":false,"footnotes":""},"class_list":["post-420","page","type-page","status-publish","has-post-thumbnail","hentry"],"_links":{"self":[{"href":"https:\/\/www.collecta.ch\/it\/wp-json\/wp\/v2\/pages\/420","targetHints":{"allow":["GET"]}}],"collection":[{"href":"https:\/\/www.collecta.ch\/it\/wp-json\/wp\/v2\/pages"}],"about":[{"href":"https:\/\/www.collecta.ch\/it\/wp-json\/wp\/v2\/types\/page"}],"author":[{"embeddable":true,"href":"https:\/\/www.collecta.ch\/it\/wp-json\/wp\/v2\/users\/4"}],"replies":[{"embeddable":true,"href":"https:\/\/www.collecta.ch\/it\/wp-json\/wp\/v2\/comments?post=420"}],"version-history":[{"count":35,"href":"https:\/\/www.collecta.ch\/it\/wp-json\/wp\/v2\/pages\/420\/revisions"}],"predecessor-version":[{"id":2294,"href":"https:\/\/www.collecta.ch\/it\/wp-json\/wp\/v2\/pages\/420\/revisions\/2294"}],"wp:featuredmedia":[{"embeddable":true,"href":"https:\/\/www.collecta.ch\/it\/wp-json\/wp\/v2\/media\/19"}],"wp:attachment":[{"href":"https:\/\/www.collecta.ch\/it\/wp-json\/wp\/v2\/media?parent=420"}],"curies":[{"name":"wp","href":"https:\/\/api.w.org\/{rel}","templated":true}]}}