{"id":1368,"date":"2023-01-26T10:06:11","date_gmt":"2023-01-26T10:06:11","guid":{"rendered":"https:\/\/www.collecta.ch\/?page_id=1368"},"modified":"2023-08-23T10:20:00","modified_gmt":"2023-08-23T08:20:00","slug":"condizioni-generali-di-contratto","status":"publish","type":"page","link":"https:\/\/www.collecta.ch\/it\/allgemeine-geschaftsbedingungen-agb\/","title":{"rendered":"Termini e condizioni generali (GTC)"},"content":{"rendered":"<p>[et_pb_section fb_built=&#8220;1&#8243; _builder_version=&#8220;4.18.1&#8243; _module_preset=&#8220;c85e7ec8-3c46-4e2c-88b7-e3076cd12958&#8243; background_enable_image=&#8220;off&#8220; background_position=&#8220;top_center&#8220; custom_padding=&#8220;0px||0px||false|false&#8220; da_disable_devices=&#8220;off|off|off&#8220; global_colors_info=&#8220;{}&#8220; da_is_popup=&#8220;off&#8220; da_exit_intent=&#8220;off&#8220; da_has_close=&#8220;on&#8220; da_alt_close=&#8220;off&#8220; da_dark_close=&#8220;off&#8220; da_not_modal=&#8220;on&#8220; da_is_singular=&#8220;off&#8220; da_with_loader=&#8220;off&#8220; da_has_shadow=&#8220;on&#8220;][et_pb_row column_structure=&#8220;3_5,2_5&#8243; custom_padding_last_edited=&#8220;on|desktop&#8220; _builder_version=&#8220;4.18.1&#8243; _module_preset=&#8220;default&#8220; background_enable_image=&#8220;off&#8220; width=&#8220;100%&#8220; custom_margin=&#8220;40px||40px||true|false&#8220; custom_padding=&#8220;0px|72px|0px|72px|true|true&#8220; custom_padding_tablet=&#8220;0px|32px|0px|32px|true|true&#8220; custom_padding_phone=&#8220;0px|16px|0px|16px|true|true&#8220; custom_css_main_element=&#8220;display:flex;||flex-flow:row wrap;||align-items:center;&#8220; global_colors_info=&#8220;{}&#8220;][et_pb_column type=&#8220;3_5&#8243; _builder_version=&#8220;4.17.3&#8243; _module_preset=&#8220;default&#8220; global_colors_info=&#8220;{}&#8220;][et_pb_text module_class=&#8220;pa-bullet-list-2&#8243; _builder_version=&#8220;4.21.0&#8243; _dynamic_attributes=&#8220;link_option_url&#8220; _module_preset=&#8220;default&#8220; header_font=&#8220;||||||||&#8220; header_2_font=&#8220;|300|||||||&#8220; custom_padding=&#8220;||5px|||&#8220; link_option_url=&#8220;@ET-DC@eyJkeW5hbWljIjp0cnVlLCJjb250ZW50IjoicG9zdF9saW5rX3VybF9hdHRhY2htZW50Iiwic2V0dGluZ3MiOnsicG9zdF9pZCI6IjEzNjcifX0=@&#8220; global_colors_info=&#8220;{}&#8220;]<\/p>\n<h1>Allgemeine Gesch\u00e4fts- und Nutzungsbestimmungen Collecta Online<\/h1>\n<div class=\"ce-textpic ce-right ce-intext\">\n<div class=\"ce-bodytext\">\n<p>Hier finden Sie die Allgemeinen Gesch\u00e4fts- und -Nutzungsbestimmungen der Collecta AG, Betreiberin der Plattformen<\/p>\n<p><a href=\"http:\/\/www.betreibungsschalter-plus.ch\/\" title=\"Opens external link in new window\" target=\"_blank\" class=\"external-link-new-window\" rel=\"noopener\">www.betreibungsschalter-plus.ch<\/a><br \/><a href=\"http:\/\/www.collecta.ch\/\" target=\"_blank\" rel=\"noopener noreferrer\">www.collecta.ch<\/a><\/p>\n<p>Bitte drucken und lesen Sie die darin formulierten Bestimmungen. Der Bezug von Dokumenten setzt Ihr Einverst\u00e4ndnis voraus. F\u00fcr Fragen stehen wir Ihnen gerne zur Verf\u00fcgung: info@collecta.ch.<\/p>\n<\/div>\n<\/div>\n<p>[\/et_pb_text][et_pb_button button_url=&#8220;https:\/\/www.collecta.ch\/wp-content\/uploads\/2023\/08\/AGB-de.pdf&#8220; url_new_window=&#8220;on&#8220; button_text=&#8220;AGB Herunterladen&#8220; _builder_version=&#8220;4.21.0&#8243; _module_preset=&#8220;default&#8220; hover_enabled=&#8220;0&#8243; global_colors_info=&#8220;{}&#8220; sticky_enabled=&#8220;0&#8243;][\/et_pb_button][\/et_pb_column][et_pb_column type=&#8220;2_5&#8243; _builder_version=&#8220;4.17.3&#8243; _module_preset=&#8220;default&#8220; global_colors_info=&#8220;{}&#8220;][\/et_pb_column][\/et_pb_row][\/et_pb_section]<\/p>\n","protected":false},"excerpt":{"rendered":"<p>Condizioni generali di contratto e di utilizzo Collecta Online Qui trover\u00e0 le Condizioni generali di contratto e di utilizzo di Collecta AG, gestore delle piattaforme www.betreibungsschalter-plus.chwww.collecta.ch. La preghiamo di stampare e leggere le disposizioni ivi contenute. Il suo consenso \u00e8 necessario prima di poter scaricare qualsiasi documento. Per qualsiasi domanda, non esiti a contattarci: info@collecta.ch.<\/p>","protected":false},"author":4,"featured_media":0,"parent":0,"menu_order":0,"comment_status":"closed","ping_status":"closed","template":"","meta":{"_et_pb_use_builder":"on","_et_pb_old_content":"<!-- wp:divi\/placeholder \/-->","_et_gb_content_width":"","inline_featured_image":false,"footnotes":""},"class_list":["post-1368","page","type-page","status-publish","hentry"],"_links":{"self":[{"href":"https:\/\/www.collecta.ch\/it\/wp-json\/wp\/v2\/pages\/1368","targetHints":{"allow":["GET"]}}],"collection":[{"href":"https:\/\/www.collecta.ch\/it\/wp-json\/wp\/v2\/pages"}],"about":[{"href":"https:\/\/www.collecta.ch\/it\/wp-json\/wp\/v2\/types\/page"}],"author":[{"embeddable":true,"href":"https:\/\/www.collecta.ch\/it\/wp-json\/wp\/v2\/users\/4"}],"replies":[{"embeddable":true,"href":"https:\/\/www.collecta.ch\/it\/wp-json\/wp\/v2\/comments?post=1368"}],"version-history":[{"count":9,"href":"https:\/\/www.collecta.ch\/it\/wp-json\/wp\/v2\/pages\/1368\/revisions"}],"predecessor-version":[{"id":2085,"href":"https:\/\/www.collecta.ch\/it\/wp-json\/wp\/v2\/pages\/1368\/revisions\/2085"}],"wp:attachment":[{"href":"https:\/\/www.collecta.ch\/it\/wp-json\/wp\/v2\/media?parent=1368"}],"curies":[{"name":"wp","href":"https:\/\/api.w.org\/{rel}","templated":true}]}}