{"id":438,"date":"2022-05-14T19:31:19","date_gmt":"2022-05-14T19:31:19","guid":{"rendered":"https:\/\/local.collectaonline.ch\/?page_id=438"},"modified":"2025-09-22T18:09:58","modified_gmt":"2025-09-22T16:09:58","slug":"portrait","status":"publish","type":"page","link":"https:\/\/www.collecta.ch\/en\/portrait\/","title":{"rendered":"Portrait"},"content":{"rendered":"<p>[et_pb_section fb_built=&#8220;1&#8243; _builder_version=&#8220;4.18.1&#8243; _module_preset=&#8220;c85e7ec8-3c46-4e2c-88b7-e3076cd12958&#8243; background_enable_image=&#8220;off&#8220; background_position=&#8220;top_center&#8220; custom_padding=&#8220;0px||0px||false|false&#8220; da_disable_devices=&#8220;off|off|off&#8220; global_colors_info=&#8220;{}&#8220; da_is_popup=&#8220;off&#8220; da_exit_intent=&#8220;off&#8220; da_has_close=&#8220;on&#8220; da_alt_close=&#8220;off&#8220; da_dark_close=&#8220;off&#8220; da_not_modal=&#8220;on&#8220; da_is_singular=&#8220;off&#8220; da_with_loader=&#8220;off&#8220; da_has_shadow=&#8220;on&#8220;][et_pb_row column_structure=&#8220;1_3,2_3&#8243; custom_padding_last_edited=&#8220;on|desktop&#8220; _builder_version=&#8220;4.21.0&#8243; _module_preset=&#8220;default&#8220; background_enable_image=&#8220;off&#8220; width=&#8220;100%&#8220; custom_margin=&#8220;40px||40px||true|false&#8220; custom_padding=&#8220;0px|72px|0px|72px|true|true&#8220; custom_padding_tablet=&#8220;0px|32px|0px|32px|true|true&#8220; custom_padding_phone=&#8220;0px|16px|0px|16px|true|true&#8220; custom_css_main_element=&#8220;display:flex;||flex-flow:row wrap;||align-items:center;&#8220; global_colors_info=&#8220;{}&#8220;][et_pb_column type=&#8220;1_3&#8243; _builder_version=&#8220;4.17.3&#8243; _module_preset=&#8220;default&#8220; global_colors_info=&#8220;{}&#8220;][et_pb_menu menu_id=&#8220;16&#8243; module_class=&#8220;pa-bullet-list-menu&#8220; _builder_version=&#8220;4.17.4&#8243; _module_preset=&#8220;default&#8220; menu_font=&#8220;|||on|||||&#8220; menu_text_color=&#8220;#000000&#8243; menu_font_size=&#8220;16px&#8220; custom_css_active_menu_link=&#8220;font-weight:500;&#8220; global_colors_info=&#8220;{}&#8220;][\/et_pb_menu][\/et_pb_column][et_pb_column type=&#8220;2_3&#8243; _builder_version=&#8220;4.17.3&#8243; _module_preset=&#8220;default&#8220; global_colors_info=&#8220;{}&#8220;][et_pb_text _builder_version=&#8220;4.21.0&#8243; _module_preset=&#8220;default&#8220; header_font=&#8220;||||||||&#8220; header_2_font=&#8220;|300|||||||&#8220; global_colors_info=&#8220;{}&#8220;]<\/p>\n<h1><strong>Portr\u00e4t<\/strong><\/h1>\n<h2>Das Ganze ist mehr als die Summe seiner Teile.<\/h2>\n<p>[\/et_pb_text][\/et_pb_column][\/et_pb_row][\/et_pb_section][et_pb_section fb_built=&#8220;1&#8243; _builder_version=&#8220;4.19.5&#8243; _module_preset=&#8220;7380a92c-6c17-4dfa-9ed2-b800e435fbca&#8220; background_color=&#8220;#FFFFFF&#8220; da_disable_devices=&#8220;off|off|off&#8220; collapsed=&#8220;off&#8220; global_colors_info=&#8220;{}&#8220; da_is_popup=&#8220;off&#8220; da_exit_intent=&#8220;off&#8220; da_has_close=&#8220;on&#8220; da_alt_close=&#8220;off&#8220; da_dark_close=&#8220;off&#8220; da_not_modal=&#8220;on&#8220; da_is_singular=&#8220;off&#8220; da_with_loader=&#8220;off&#8220; da_has_shadow=&#8220;on&#8220;][et_pb_row column_structure=&#8220;3_5,2_5&#8243; custom_padding_last_edited=&#8220;on|desktop&#8220; disabled_on=&#8220;on|on|on&#8220; _builder_version=&#8220;4.18.1&#8243; _module_preset=&#8220;default&#8220; background_enable_image=&#8220;off&#8220; width=&#8220;100%&#8220; custom_margin=&#8220;40px||40px||true|false&#8220; custom_padding=&#8220;0px|72px|0px|72px|true|true&#8220; custom_padding_tablet=&#8220;0px|32px|0px|32px|true|true&#8220; custom_padding_phone=&#8220;0px|16px|0px|16px|true|true&#8220; custom_css_main_element=&#8220;display:flex;||align-items:center;&#8220; disabled=&#8220;on&#8220; global_colors_info=&#8220;{}&#8220;][et_pb_column type=&#8220;3_5&#8243; _builder_version=&#8220;4.17.3&#8243; _module_preset=&#8220;default&#8220; global_colors_info=&#8220;{}&#8220;][et_pb_text _builder_version=&#8220;4.17.4&#8243; _module_preset=&#8220;default&#8220; header_font=&#8220;||||||||&#8220; header_2_font=&#8220;|300|||||||&#8220; custom_css_main_element=&#8220;width:fit-content;&#8220; global_colors_info=&#8220;{}&#8220;]<\/p>\n<h1><strong>Unser engagiertes Team<\/strong><\/h1>\n<p>[\/et_pb_text][\/et_pb_column][et_pb_column type=&#8220;2_5&#8243; _builder_version=&#8220;4.17.3&#8243; _module_preset=&#8220;default&#8220; global_colors_info=&#8220;{}&#8220;][\/et_pb_column][\/et_pb_row][et_pb_row column_structure=&#8220;1_4,1_4,1_4,1_4&#8243; use_custom_gutter=&#8220;on&#8220; make_equal=&#8220;on&#8220; custom_padding_last_edited=&#8220;on|desktop&#8220; _builder_version=&#8220;4.27.4&#8243; _module_preset=&#8220;default&#8220; background_enable_image=&#8220;off&#8220; background_size=&#8220;custom&#8220; background_image_width=&#8220;45%&#8220; background_position=&#8220;bottom_left&#8220; background_horizontal_offset=&#8220;0%&#8220; width=&#8220;100%&#8220; custom_margin=&#8220;||||false|false&#8220; custom_padding=&#8220;40px|72px|40px|72px|true|true&#8220; custom_padding_tablet=&#8220;40px|32px|40px|32px|true|true&#8220; custom_padding_phone=&#8220;40px|16px|40px|16px|false|true&#8220; hover_enabled=&#8220;0&#8243; global_colors_info=&#8220;{}&#8220; sticky_enabled=&#8220;0&#8243;][et_pb_column type=&#8220;1_4&#8243; _builder_version=&#8220;4.17.4&#8243; _module_preset=&#8220;default&#8220; custom_css_main_element=&#8220;display:flex;||justify-content:center;&#8220; global_colors_info=&#8220;{}&#8220;][et_pb_team_member name=&#8220;Giovanni Borrelli&#8220; position=&#8220;CEO&#8220; image_url=&#8220;https:\/\/www.collecta.ch\/wp-content\/uploads\/2023\/05\/giovi_Borrelli.jpg&#8220; _builder_version=&#8220;4.19.5&#8243; _module_preset=&#8220;default&#8220; header_font=&#8220;|700|||||||&#8220; position_font=&#8220;||on||||||&#8220; position_text_color=&#8220;#000000&#8243; position_line_height=&#8220;1em&#8220; custom_css_member_image=&#8220;width:220px;&#8220; global_colors_info=&#8220;{}&#8220;][\/et_pb_team_member][\/et_pb_column][et_pb_column type=&#8220;1_4&#8243; _builder_version=&#8220;4.17.4&#8243; _module_preset=&#8220;default&#8220; custom_css_main_element=&#8220;display:flex;||justify-content:center;&#8220; global_colors_info=&#8220;{}&#8220;][et_pb_team_member name=&#8220;Lucia Blatty&#8220; position=&#8220;Buchhaltung&#8220; image_url=&#8220;https:\/\/www.collecta.ch\/wp-content\/uploads\/2023\/05\/lucia_blatty.jpg&#8220; disabled_on=&#8220;on|on|on&#8220; _builder_version=&#8220;4.27.4&#8243; _module_preset=&#8220;default&#8220; header_font=&#8220;|700|||||||&#8220; position_font=&#8220;||on||||||&#8220; position_text_color=&#8220;#000000&#8243; position_line_height=&#8220;1em&#8220; custom_css_member_image=&#8220;width:220px;&#8220; disabled=&#8220;on&#8220; global_colors_info=&#8220;{}&#8220;][\/et_pb_team_member][et_pb_team_member name=&#8220;Rosemarie Bourquin&#8220; position=&#8220;Kundenberaterin&#8220; image_url=&#8220;https:\/\/www.collecta.ch\/wp-content\/uploads\/2024\/06\/rosemarie_bourquin.jpg&#8220; _builder_version=&#8220;4.24.0&#8243; _module_preset=&#8220;default&#8220; header_font=&#8220;|700|||||||&#8220; position_font=&#8220;||on||||||&#8220; position_text_color=&#8220;#000000&#8243; position_line_height=&#8220;1em&#8220; custom_css_member_image=&#8220;width:220px;&#8220; global_colors_info=&#8220;{}&#8220;][\/et_pb_team_member][\/et_pb_column][et_pb_column type=&#8220;1_4&#8243; _builder_version=&#8220;4.17.4&#8243; _module_preset=&#8220;default&#8220; custom_css_main_element=&#8220;display:flex;||justify-content:center;&#8220; global_colors_info=&#8220;{}&#8220;][et_pb_team_member name=&#8220;Ivan de Nicoli&#8220; position=&#8220;Kundenberater&#8220; image_url=&#8220;https:\/\/www.collecta.ch\/wp-content\/uploads\/2023\/05\/ivan_denicoli.jpg&#8220; _builder_version=&#8220;4.21.0&#8243; _module_preset=&#8220;default&#8220; header_font=&#8220;|700|||||||&#8220; position_font=&#8220;||on||||||&#8220; position_text_color=&#8220;#000000&#8243; position_line_height=&#8220;1em&#8220; custom_css_member_image=&#8220;width:220px;&#8220; global_colors_info=&#8220;{}&#8220;][\/et_pb_team_member][\/et_pb_column][et_pb_column type=&#8220;1_4&#8243; _builder_version=&#8220;4.17.4&#8243; _module_preset=&#8220;default&#8220; custom_css_main_element=&#8220;display:flex;||justify-content:center;&#8220; global_colors_info=&#8220;{}&#8220;][et_pb_team_member name=&#8220;Yasemin Somun&#8220; position=&#8220;Kundenberaterin&#8220; image_url=&#8220;https:\/\/www.collecta.ch\/wp-content\/uploads\/2023\/05\/yasemin_somun.jpg&#8220; _builder_version=&#8220;4.21.0&#8243; _module_preset=&#8220;default&#8220; header_font=&#8220;|700|||||||&#8220; position_font=&#8220;||on||||||&#8220; position_text_color=&#8220;#000000&#8243; position_line_height=&#8220;1em&#8220; custom_css_member_image=&#8220;width:220px;&#8220; global_colors_info=&#8220;{}&#8220;][\/et_pb_team_member][\/et_pb_column][\/et_pb_row][et_pb_row column_structure=&#8220;1_4,1_4,1_4,1_4&#8243; use_custom_gutter=&#8220;on&#8220; make_equal=&#8220;on&#8220; custom_padding_last_edited=&#8220;on|desktop&#8220; _builder_version=&#8220;4.17.4&#8243; _module_preset=&#8220;default&#8220; background_enable_image=&#8220;off&#8220; background_size=&#8220;custom&#8220; background_image_width=&#8220;45%&#8220; background_position=&#8220;bottom_left&#8220; background_horizontal_offset=&#8220;0%&#8220; width=&#8220;100%&#8220; custom_margin=&#8220;||||false|false&#8220; custom_padding=&#8220;40px|72px|40px|72px|true|true&#8220; custom_padding_tablet=&#8220;40px|32px|40px|32px|true|true&#8220; custom_padding_phone=&#8220;40px|16px|40px|16px|false|true&#8220; global_colors_info=&#8220;{}&#8220;][et_pb_column type=&#8220;1_4&#8243; _builder_version=&#8220;4.17.4&#8243; _module_preset=&#8220;default&#8220; custom_css_main_element=&#8220;display:flex;||justify-content:center;&#8220; global_colors_info=&#8220;{}&#8220;][et_pb_team_member name=&#8220;Michele Borrelli&#8220; position=&#8220;Inkassorechtsberatung&#8220; image_url=&#8220;https:\/\/www.collecta.ch\/wp-content\/uploads\/2023\/05\/michele_borrelli.jpg&#8220; disabled_on=&#8220;on|on|on&#8220; _builder_version=&#8220;4.19.5&#8243; _module_preset=&#8220;default&#8220; header_font=&#8220;|700|||||||&#8220; position_font=&#8220;||on||||||&#8220; position_text_color=&#8220;#000000&#8243; position_line_height=&#8220;1em&#8220; custom_css_member_image=&#8220;width:220px;&#8220; disabled=&#8220;on&#8220; global_colors_info=&#8220;{}&#8220;][\/et_pb_team_member][et_pb_team_member name=&#8220;Annick Lusser Hess&#8220; position=&#8220;Marketing\/Kommunikation&#8220; image_url=&#8220;https:\/\/www.collecta.ch\/wp-content\/uploads\/2023\/05\/annick_lusser.jpg&#8220; _builder_version=&#8220;4.21.0&#8243; _module_preset=&#8220;default&#8220; header_font=&#8220;|700|||||||&#8220; position_font=&#8220;||on||||||&#8220; position_text_color=&#8220;#000000&#8243; position_line_height=&#8220;1em&#8220; custom_css_member_image=&#8220;width:220px;&#8220; global_colors_info=&#8220;{}&#8220;][\/et_pb_team_member][\/et_pb_column][et_pb_column type=&#8220;1_4&#8243; _builder_version=&#8220;4.17.4&#8243; _module_preset=&#8220;default&#8220; custom_css_main_element=&#8220;display:flex;||justify-content:center;&#8220; global_colors_info=&#8220;{}&#8220;][et_pb_team_member name=&#8220;Andr\u00e9 Weltert&#8220; position=&#8220;Leiter Kundendienst&#8220; image_url=&#8220;https:\/\/www.collecta.ch\/wp-content\/uploads\/2023\/05\/andre_weltert.jpg&#8220; _builder_version=&#8220;4.21.0&#8243; _module_preset=&#8220;default&#8220; header_font=&#8220;|700|||||||&#8220; position_font=&#8220;||on||||||&#8220; position_text_color=&#8220;#000000&#8243; position_line_height=&#8220;1em&#8220; custom_css_member_image=&#8220;width:220px;&#8220; global_colors_info=&#8220;{}&#8220;][\/et_pb_team_member][\/et_pb_column][et_pb_column type=&#8220;1_4&#8243; _builder_version=&#8220;4.17.4&#8243; _module_preset=&#8220;default&#8220; custom_css_main_element=&#8220;display:flex;||justify-content:center;&#8220; global_colors_info=&#8220;{}&#8220;][et_pb_team_member name=&#8220;Andrea Frischknecht&#8220; position=&#8220;Kundenberaterin&#8220; image_url=&#8220;https:\/\/www.collecta.ch\/wp-content\/uploads\/2023\/05\/andrea_frischknecht.jpg&#8220; _builder_version=&#8220;4.21.0&#8243; _module_preset=&#8220;default&#8220; header_font=&#8220;|700|||||||&#8220; position_font=&#8220;||on||||||&#8220; position_text_color=&#8220;#000000&#8243; position_line_height=&#8220;1em&#8220; custom_css_member_image=&#8220;width:220px;&#8220; global_colors_info=&#8220;{}&#8220;][\/et_pb_team_member][\/et_pb_column][et_pb_column type=&#8220;1_4&#8243; _builder_version=&#8220;4.17.4&#8243; _module_preset=&#8220;default&#8220; custom_css_main_element=&#8220;display:flex;||justify-content:center;&#8220; global_colors_info=&#8220;{}&#8220;][et_pb_team_member name=&#8220;Serge Lusser&#8220; position=&#8220;CISO\/CIO&#8220; image_url=&#8220;https:\/\/www.collecta.ch\/wp-content\/uploads\/2023\/05\/serge_lusser.jpg&#8220; _builder_version=&#8220;4.19.5&#8243; _module_preset=&#8220;default&#8220; header_font=&#8220;|700|||||||&#8220; position_font=&#8220;||on||||||&#8220; position_text_color=&#8220;#000000&#8243; position_line_height=&#8220;1em&#8220; custom_css_member_image=&#8220;width:220px;&#8220; global_colors_info=&#8220;{}&#8220;][\/et_pb_team_member][\/et_pb_column][\/et_pb_row][et_pb_row column_structure=&#8220;1_4,1_4,1_4,1_4&#8243; use_custom_gutter=&#8220;on&#8220; make_equal=&#8220;on&#8220; custom_padding_last_edited=&#8220;on|desktop&#8220; _builder_version=&#8220;4.17.4&#8243; _module_preset=&#8220;default&#8220; background_enable_image=&#8220;off&#8220; background_size=&#8220;custom&#8220; background_image_width=&#8220;45%&#8220; background_position=&#8220;bottom_left&#8220; background_horizontal_offset=&#8220;0%&#8220; width=&#8220;100%&#8220; custom_margin=&#8220;||||false|false&#8220; custom_padding=&#8220;40px|72px|40px|72px|true|true&#8220; custom_padding_tablet=&#8220;40px|32px|40px|32px|true|true&#8220; custom_padding_phone=&#8220;40px|16px|40px|16px|false|true&#8220; global_colors_info=&#8220;{}&#8220;][et_pb_column type=&#8220;1_4&#8243; _builder_version=&#8220;4.17.4&#8243; _module_preset=&#8220;default&#8220; custom_css_main_element=&#8220;display:flex;||justify-content:center;&#8220; global_colors_info=&#8220;{}&#8220;][et_pb_team_member name=&#8220;Rebekka Schnarwiler&#8220; position=&#8220;Kundenberaterin&#8220; image_url=&#8220;https:\/\/www.collecta.ch\/wp-content\/uploads\/2023\/05\/rebekka_schnarwiler.jpg&#8220; _builder_version=&#8220;4.21.0&#8243; _module_preset=&#8220;default&#8220; header_font=&#8220;|700|||||||&#8220; position_font=&#8220;||on||||||&#8220; position_text_color=&#8220;#000000&#8243; position_line_height=&#8220;1em&#8220; custom_css_member_image=&#8220;width:220px;&#8220; global_colors_info=&#8220;{}&#8220;][\/et_pb_team_member][\/et_pb_column][et_pb_column type=&#8220;1_4&#8243; _builder_version=&#8220;4.17.4&#8243; _module_preset=&#8220;default&#8220; custom_css_main_element=&#8220;display:flex;||justify-content:center;&#8220; global_colors_info=&#8220;{}&#8220;][et_pb_team_member name=&#8220;Philipp Sch\u00e4uble&#8220; position=&#8220;Leiter eSchKG, Stv. CEO&#8220; image_url=&#8220;https:\/\/www.collecta.ch\/wp-content\/uploads\/2023\/05\/philipp_schaeuble.jpg&#8220; _builder_version=&#8220;4.19.5&#8243; _module_preset=&#8220;default&#8220; header_font=&#8220;|700|||||||&#8220; position_font=&#8220;||on||||||&#8220; position_text_color=&#8220;#000000&#8243; position_line_height=&#8220;1em&#8220; custom_css_member_image=&#8220;width:220px;&#8220; global_colors_info=&#8220;{}&#8220;][\/et_pb_team_member][\/et_pb_column][et_pb_column type=&#8220;1_4&#8243; _builder_version=&#8220;4.17.4&#8243; _module_preset=&#8220;default&#8220; custom_css_main_element=&#8220;display:flex;||justify-content:center;&#8220; global_colors_info=&#8220;{}&#8220;][et_pb_team_member name=&#8220;Andrin Gorgi&#8220; position=&#8220;Informatik-Spezialist&#8220; image_url=&#8220;https:\/\/www.collecta.ch\/wp-content\/uploads\/2023\/05\/andrin_gorgi.jpg&#8220; _builder_version=&#8220;4.19.5&#8243; _module_preset=&#8220;default&#8220; header_font=&#8220;|700|||||||&#8220; position_font=&#8220;||on||||||&#8220; position_text_color=&#8220;#000000&#8243; position_line_height=&#8220;1em&#8220; custom_css_member_image=&#8220;width:220px;&#8220; global_colors_info=&#8220;{}&#8220;][\/et_pb_team_member][\/et_pb_column][et_pb_column type=&#8220;1_4&#8243; _builder_version=&#8220;4.17.4&#8243; _module_preset=&#8220;default&#8220; custom_css_main_element=&#8220;display:flex;||justify-content:center;&#8220; global_colors_info=&#8220;{}&#8220;][\/et_pb_column][\/et_pb_row][\/et_pb_section][et_pb_section fb_built=&#8220;1&#8243; _builder_version=&#8220;4.17.3&#8243; _module_preset=&#8220;default&#8220; background_enable_image=&#8220;off&#8220; background_position=&#8220;top_center&#8220; custom_padding=&#8220;0px||0px||false|false&#8220; da_disable_devices=&#8220;off|off|off&#8220; collapsed=&#8220;on&#8220; global_colors_info=&#8220;{}&#8220; da_is_popup=&#8220;off&#8220; da_exit_intent=&#8220;off&#8220; da_has_close=&#8220;on&#8220; da_alt_close=&#8220;off&#8220; da_dark_close=&#8220;off&#8220; da_not_modal=&#8220;on&#8220; da_is_singular=&#8220;off&#8220; da_with_loader=&#8220;off&#8220; da_has_shadow=&#8220;on&#8220;][et_pb_row column_structure=&#8220;3_5,2_5&#8243; custom_padding_last_edited=&#8220;on|desktop&#8220; disabled_on=&#8220;off|off|off&#8220; _builder_version=&#8220;4.18.1&#8243; _module_preset=&#8220;default&#8220; background_enable_image=&#8220;off&#8220; width=&#8220;100%&#8220; custom_margin=&#8220;40px||40px||true|false&#8220; custom_padding=&#8220;0px|72px|0px|72px|true|true&#8220; custom_padding_tablet=&#8220;0px|32px|0px|32px|true|true&#8220; custom_padding_phone=&#8220;0px|16px|0px|16px|true|true&#8220; custom_css_main_element=&#8220;display:flex;||align-items:center;&#8220; global_colors_info=&#8220;{}&#8220;][et_pb_column type=&#8220;3_5&#8243; _builder_version=&#8220;4.17.3&#8243; _module_preset=&#8220;default&#8220; global_colors_info=&#8220;{}&#8220;][et_pb_text _builder_version=&#8220;4.21.0&#8243; _module_preset=&#8220;default&#8220; header_font=&#8220;||||||||&#8220; header_2_font=&#8220;|300|||||||&#8220; custom_padding=&#8220;||0px|||&#8220; global_colors_info=&#8220;{}&#8220;]<\/p>\n<p><strong>Collecta AG<\/strong><\/p>\n<p>Die 2002 gegr\u00fcndete Collecta AG ist spezialisiert auf Inkassosoftware nach Schweizer Recht. Die Firma mit Sitz in Zug bietet einerseits Inkassol\u00f6sungen f\u00fcr Unternehmen und \u00f6ffentliche Institutionen an. Anderseits stellt sie mit der Webplattform Betreibungsschalter-Plus.ch Leistungen rund zum Thema Betreibung f\u00fcr Privatpersonen und kleinere Unternehmen zur Verf\u00fcgung.<\/p>\n<p>[\/et_pb_text][\/et_pb_column][et_pb_column type=&#8220;2_5&#8243; _builder_version=&#8220;4.17.3&#8243; _module_preset=&#8220;default&#8220; global_colors_info=&#8220;{}&#8220;][\/et_pb_column][\/et_pb_row][et_pb_row _builder_version=&#8220;4.19.5&#8243; _module_preset=&#8220;default&#8220; custom_padding=&#8220;|72px||72px|false|false&#8220; global_colors_info=&#8220;{}&#8220;][et_pb_column type=&#8220;4_4&#8243; _builder_version=&#8220;4.19.5&#8243; _module_preset=&#8220;default&#8220; global_colors_info=&#8220;{}&#8220;][et_pb_testimonial author=&#8220;Giovanni Borrelli&#8220; job_title=&#8220;CEO und Gr\u00fcnder Collecta AG&#8220; portrait_url=&#8220;https:\/\/www.collecta.ch\/wp-content\/uploads\/2023\/05\/giovi_Borrelli.jpg&#8220; _builder_version=&#8220;4.19.5&#8243; _module_preset=&#8220;default&#8220; background_color=&#8220;#E2E8F4&#8243; global_colors_info=&#8220;{}&#8220;]<\/p>\n<p><em>\u00abWir sind \u00fcberzeugt: Engagierte, motivierte Mitarbeiterinnen und Mitarbeiter sind die Basis des Erfolgs. Verantwortung \u00fcbernehmen, sich selber einbringen, Innovationen schaffen, Wertsch\u00e4tzung zeigen. Diese Werte leben wir.\u00bb<\/em><\/p>\n<p>[\/et_pb_testimonial][\/et_pb_column][\/et_pb_row][\/et_pb_section]<\/p>\n","protected":false},"excerpt":{"rendered":"<p>Portr\u00e4t Das Ganze ist mehr als die Summe seiner Teile.Unser engagiertes TeamCollecta AG Die 2002 gegr\u00fcndete Collecta AG ist spezialisiert auf Inkassosoftware nach Schweizer Recht. Die Firma mit Sitz in Zug bietet einerseits Inkassol\u00f6sungen f\u00fcr Unternehmen und \u00f6ffentliche Institutionen an. Anderseits stellt sie mit der Webplattform Betreibungsschalter-Plus.ch Leistungen rund zum Thema Betreibung f\u00fcr Privatpersonen und [&hellip;]<\/p>\n","protected":false},"author":4,"featured_media":19,"parent":0,"menu_order":0,"comment_status":"closed","ping_status":"closed","template":"","meta":{"_et_pb_use_builder":"on","_et_pb_old_content":"","_et_gb_content_width":"","inline_featured_image":false,"footnotes":""},"class_list":["post-438","page","type-page","status-publish","has-post-thumbnail","hentry"],"_links":{"self":[{"href":"https:\/\/www.collecta.ch\/en\/wp-json\/wp\/v2\/pages\/438","targetHints":{"allow":["GET"]}}],"collection":[{"href":"https:\/\/www.collecta.ch\/en\/wp-json\/wp\/v2\/pages"}],"about":[{"href":"https:\/\/www.collecta.ch\/en\/wp-json\/wp\/v2\/types\/page"}],"author":[{"embeddable":true,"href":"https:\/\/www.collecta.ch\/en\/wp-json\/wp\/v2\/users\/4"}],"replies":[{"embeddable":true,"href":"https:\/\/www.collecta.ch\/en\/wp-json\/wp\/v2\/comments?post=438"}],"version-history":[{"count":33,"href":"https:\/\/www.collecta.ch\/en\/wp-json\/wp\/v2\/pages\/438\/revisions"}],"predecessor-version":[{"id":2244,"href":"https:\/\/www.collecta.ch\/en\/wp-json\/wp\/v2\/pages\/438\/revisions\/2244"}],"wp:featuredmedia":[{"embeddable":true,"href":"https:\/\/www.collecta.ch\/en\/wp-json\/wp\/v2\/media\/19"}],"wp:attachment":[{"href":"https:\/\/www.collecta.ch\/en\/wp-json\/wp\/v2\/media?parent=438"}],"curies":[{"name":"wp","href":"https:\/\/api.w.org\/{rel}","templated":true}]}}